{"id":903,"date":"2022-01-28T19:13:47","date_gmt":"2022-01-28T18:13:47","guid":{"rendered":"https:\/\/www.bikexperience.de\/?page_id=903"},"modified":"2022-01-28T19:13:47","modified_gmt":"2022-01-28T18:13:47","slug":"datenschutz","status":"publish","type":"page","link":"https:\/\/www.bikexperience.de\/?page_id=903","title":{"rendered":"Datenschutz"},"content":{"rendered":"<p>Datenschutzerkl\u00e4rung<\/p>\n<p>Wir freuen uns sehr \u00fcber Ihr Interesse an unserer App. Eine Nutzung der App ist ohne jede Angabe personenbezogener Daten m\u00f6glich. Eine Speicherung und Verarbeitung personenbezogener Daten findet nicht statt.<\/p>\n<p>Die App speichert wenn gew\u00fcnscht einen Vornamen und das pers. Gewicht f\u00fcr Berechnungen nur auf dem eigenen Mobiltelefon. Diese Daten werden nicht weiter verarbeitet oder au\u00dferhalb der App gespeichert.<\/p>\n<p>&#8212;-<\/p>\n<p>Data protection<\/p>\n<p>We are very pleased that you are interested in our app. The app can be used without providing any personal data. A storage and processing of personal data does not take place.<\/p>\n<p>If desired, the app saves a first name and personal weight for calculations only on your own mobile phone. This data is not processed further or stored outside of the app.<\/p>\n","protected":false},"excerpt":{"rendered":"<p>Datenschutzerkl\u00e4rung Wir freuen uns sehr \u00fcber Ihr Interesse an unserer App. Eine Nutzung der App ist ohne jede Angabe personenbezogener Daten m\u00f6glich. Eine Speicherung und Verarbeitung personenbezogener Daten findet nicht statt. Die App speichert wenn gew\u00fcnscht einen Vornamen und das &hellip; <a href=\"https:\/\/www.bikexperience.de\/?page_id=903\">Weiterlesen <span class=\"meta-nav\">&rarr;<\/span><\/a><\/p>\n","protected":false},"author":1,"featured_media":0,"parent":0,"menu_order":0,"comment_status":"closed","ping_status":"closed","template":"","meta":{"footnotes":""},"class_list":["post-903","page","type-page","status-publish","hentry"],"_links":{"self":[{"href":"https:\/\/www.bikexperience.de\/index.php?rest_route=\/wp\/v2\/pages\/903","targetHints":{"allow":["GET"]}}],"collection":[{"href":"https:\/\/www.bikexperience.de\/index.php?rest_route=\/wp\/v2\/pages"}],"about":[{"href":"https:\/\/www.bikexperience.de\/index.php?rest_route=\/wp\/v2\/types\/page"}],"author":[{"embeddable":true,"href":"https:\/\/www.bikexperience.de\/index.php?rest_route=\/wp\/v2\/users\/1"}],"replies":[{"embeddable":true,"href":"https:\/\/www.bikexperience.de\/index.php?rest_route=%2Fwp%2Fv2%2Fcomments&post=903"}],"version-history":[{"count":1,"href":"https:\/\/www.bikexperience.de\/index.php?rest_route=\/wp\/v2\/pages\/903\/revisions"}],"predecessor-version":[{"id":905,"href":"https:\/\/www.bikexperience.de\/index.php?rest_route=\/wp\/v2\/pages\/903\/revisions\/905"}],"wp:attachment":[{"href":"https:\/\/www.bikexperience.de\/index.php?rest_route=%2Fwp%2Fv2%2Fmedia&parent=903"}],"curies":[{"name":"wp","href":"https:\/\/api.w.org\/{rel}","templated":true}]}}