{"id":77,"date":"2011-01-15T16:28:24","date_gmt":"2011-01-15T15:28:24","guid":{"rendered":"https:\/\/blog.bikexperience.de\/?page_id=77"},"modified":"2022-06-26T19:08:03","modified_gmt":"2022-06-26T18:08:03","slug":"impressum","status":"publish","type":"page","link":"https:\/\/www.bikexperience.de\/?page_id=77","title":{"rendered":"Impressum"},"content":{"rendered":"<h1>bikeXperience.de<\/h1>\n<table border=\"0\" width=\"100%\" cellspacing=\"2\" cellpadding=\"2\">\n<tbody>\n<tr bgcolor=\"#c4b39a\">\n<td align=\"left\" height=\"25\"><strong>\u00a0Verantwortlich<\/strong><\/td>\n<\/tr>\n<tr>\n<td>\n<p style=\"padding-left: 30px;\">Andreas G\u00fcnther<br \/>\nemail: andreas (at) bike X perience (dot) de<\/p>\n<\/td>\n<\/tr>\n<\/tbody>\n<\/table>\n<table border=\"0\" width=\"100%\" cellspacing=\"2\" cellpadding=\"2\">\n<tbody>\n<tr bgcolor=\"#c4b39a\">\n<td align=\"left\" height=\"25\"><strong>\u00a0Team<\/strong><\/td>\n<\/tr>\n<tr>\n<td>\n<p style=\"padding-left: 30px;\">Andreas G\u00fcnther<br \/>\nHans-Joachim Willi<br \/>\nHenk Fictorie<br \/>\nPavel Vasilyev<\/p>\n<\/td>\n<\/tr>\n<\/tbody>\n<\/table>\n<table border=\"0\" width=\"100%\" cellspacing=\"2\" cellpadding=\"2\">\n<tbody>\n<tr bgcolor=\"#c4b39a\">\n<td align=\"left\" height=\"25\"><strong>\u00a0Haftungshinweis<\/strong><\/td>\n<\/tr>\n<tr>\n<td>Wir \u00fcbernehmen keine Haftung f\u00fcr die Inhalte externer Links. F\u00fcr den Inhalt der verlinkten Seiten sind ausschlie\u00dflich deren Betreiber verantwortlich. F\u00fcr den Inhalt von Blogbeitr\u00e4gen ist der Autor verantwortlich.<\/td>\n<\/tr>\n<\/tbody>\n<\/table>\n<table border=\"0\" width=\"100%\" cellspacing=\"2\" cellpadding=\"2\">\n<tbody>\n<tr bgcolor=\"#c4b39a\">\n<td align=\"left\" height=\"25\"><a name=\"Donate\"><\/a><strong>Unterst\u00fctzung des Projektes und der Webseite<\/strong><\/td>\n<\/tr>\n<tr>\n<td>Die Arbeit an dem bikeXperience Projekt und der Webseite kostet alle Beteiligten eine Menge Zeit und mich als Betreiber auch noch Geld f\u00fcr das Hosting der Webseite bei einem Provider. Wenn Du die Projektarbeit und die Existenz und Pflege dieser Webseite unterst\u00fctzen m\u00f6chtest, dann kannst Du mir per PayPal einen Betrag Deiner Wahl \u00fcberweisen. Jeder kann selbst bestimmen was ihm das Programm wert ist.Wichtiger Hinweis:<\/p>\n<ul>\n<li>Die Zahlung erfolgt Deinerseits freiwillig, ohne den Erwerb von Anspr\u00fcchen.<\/li>\n<li>Du erwirbst keine Anspr\u00fcche gegen\u00fcber mir (Andreas G\u00fcnther) durch die Zahlung.<\/li>\n<li>Du erwirbst keine weiteren Rechte an der angebotenen Software (diese ist <a href=\"https:\/\/bikexperience.de\/doc\/deu.licence.html\" target=\"_blank\" rel=\"noopener noreferrer\">Donateware<\/a>).<\/li>\n<li>Du erwirbst keinen Anspruch auf die weitere Existenz dieser Webseite.<\/li>\n<li>Es handelt sich im rechtlichen Sinne nicht um eine Spende. Es kann daher auch keine Bescheinigung ausgestellt werden.<\/li>\n<\/ul>\n<p>Wenn Du die obigen Hinweise gelesen und verstanden hast, dann kannst Du mich f\u00fcr die Projektarbeit per PayPal unterst\u00fctzen. Klick\u00a0 dazu auf die folgende Schaltfl\u00e4che:<\/p>\n<form action=\"https:\/\/www.paypal.com\/cgi-bin\/webscr\" method=\"post\"><input name=\"cmd\" type=\"hidden\" value=\"_s-xclick\" \/> <input name=\"hosted_button_id\" type=\"hidden\" value=\"APDNPDJ5VDZW4\" \/> <input alt=\"Jetzt einfach, schnell und sicher online bezahlen \u2013 mit PayPal.\" name=\"submit\" src=\"https:\/\/www.paypalobjects.com\/de_DE\/DE\/i\/btn\/btn_donateCC_LG.gif\" type=\"image\" \/>\u00a0<\/form>\n<p>Wenn Dir die Methode \u00fcber PayPal nicht entgegenkommt, kannst Du bei mir auch per Mail eine Kontoverbindung erfragen.<\/p>\n<p>Vielen Dank!<\/td>\n<\/tr>\n<\/tbody>\n<\/table>\n","protected":false},"excerpt":{"rendered":"<p>bikeXperience.de \u00a0Verantwortlich Andreas G\u00fcnther email: andreas (at) bike X perience (dot) de \u00a0Team Andreas G\u00fcnther Hans-Joachim Willi Henk Fictorie Pavel Vasilyev \u00a0Haftungshinweis Wir \u00fcbernehmen keine Haftung f\u00fcr die Inhalte externer Links. F\u00fcr den Inhalt der verlinkten Seiten sind ausschlie\u00dflich deren &hellip; <a href=\"https:\/\/www.bikexperience.de\/?page_id=77\">Weiterlesen <span class=\"meta-nav\">&rarr;<\/span><\/a><\/p>\n","protected":false},"author":1,"featured_media":0,"parent":0,"menu_order":6,"comment_status":"closed","ping_status":"closed","template":"","meta":{"footnotes":""},"class_list":["post-77","page","type-page","status-publish","hentry"],"_links":{"self":[{"href":"https:\/\/www.bikexperience.de\/index.php?rest_route=\/wp\/v2\/pages\/77","targetHints":{"allow":["GET"]}}],"collection":[{"href":"https:\/\/www.bikexperience.de\/index.php?rest_route=\/wp\/v2\/pages"}],"about":[{"href":"https:\/\/www.bikexperience.de\/index.php?rest_route=\/wp\/v2\/types\/page"}],"author":[{"embeddable":true,"href":"https:\/\/www.bikexperience.de\/index.php?rest_route=\/wp\/v2\/users\/1"}],"replies":[{"embeddable":true,"href":"https:\/\/www.bikexperience.de\/index.php?rest_route=%2Fwp%2Fv2%2Fcomments&post=77"}],"version-history":[{"count":6,"href":"https:\/\/www.bikexperience.de\/index.php?rest_route=\/wp\/v2\/pages\/77\/revisions"}],"predecessor-version":[{"id":907,"href":"https:\/\/www.bikexperience.de\/index.php?rest_route=\/wp\/v2\/pages\/77\/revisions\/907"}],"wp:attachment":[{"href":"https:\/\/www.bikexperience.de\/index.php?rest_route=%2Fwp%2Fv2%2Fmedia&parent=77"}],"curies":[{"name":"wp","href":"https:\/\/api.w.org\/{rel}","templated":true}]}}