{"id":75,"date":"2011-01-15T16:27:26","date_gmt":"2011-01-15T15:27:26","guid":{"rendered":"http:\/\/blog.bikexperience.de\/?page_id=75"},"modified":"2020-06-09T12:43:12","modified_gmt":"2020-06-09T11:43:12","slug":"galerie-2","status":"publish","type":"page","link":"https:\/\/www.bikexperience.de\/?page_id=75","title":{"rendered":"Galerie"},"content":{"rendered":"<p><strong>Skin Look&amp;Feel<\/strong><\/p>\n<p>BikeXperience ist plattformunabh\u00e4ngig. Der gleiche Code l\u00e4uft auf verschiedenen Betriebssystemen und Prozessoren. Der Look&amp;Feel der Benutzeroberfl\u00e4che passt sich dem jeweiligen System an. Es gibt aber auch plattform\u00fcbergreifende Look&amp;Feels wie z.B. Aqua Skin oder Metal. In unserer Galerie werden ein paar Beispiele aufgezeigt. Der Benutzer kann auch einen eigenen L&amp;F aus dem Internet laden und installieren oder selbst erstellen.<\/p>\n<p>Download Themepacks from <a href=\"https:\/\/www.javootoo.com\/plaf\/skinlf\/themepacks\/index.html\">javootoo.com<\/a><\/p>\n<table border=\"0\" width=\"100%\" cellspacing=\"2\" cellpadding=\"2\">\n<tbody>\n<tr>\n<td valign=\"top\"><\/td>\n<td valign=\"top\"><a href=\"\/?p=186\"><img loading=\"lazy\" decoding=\"async\" style=\"border: black 1px solid;\" src=\"\/wp-content\/uploads\/2011\/01\/windows7Icon.jpg\" alt=\"\" width=\"300\" height=\"150\" \/><\/a><br \/>\n<span style=\"color: #000000;\"><strong><span style=\"font-family: Verdana;\"><span style=\"font-size: xx-small;\">Windows 7<\/span><\/span><\/strong><\/span><\/td>\n<td valign=\"top\"><span style=\"color: #000000;\"><strong><span style=\"font-family: Verdana;\"><span style=\"font-size: xx-small;\"><a href=\"\/?p=212\"><img loading=\"lazy\" decoding=\"async\" style=\"border: black 1px solid;\" src=\"\/wp-content\/uploads\/2011\/01\/mac4linIcon.png\" alt=\"\" width=\"300\" height=\"150\" \/> <\/a><br \/>\n<\/span><\/span><\/strong><\/span><span style=\"color: #000000;\"><strong><span style=\"font-family: Verdana;\"><span style=\"font-size: xx-small;\">Mac4Linux amd64<\/span><\/span><\/strong><\/span><\/td>\n<td valign=\"top\"><\/td>\n<\/tr>\n<tr>\n<td valign=\"top\"><\/td>\n<td valign=\"top\"><\/td>\n<td valign=\"top\"><\/td>\n<td valign=\"top\"><\/td>\n<\/tr>\n<tr>\n<td valign=\"top\"><\/td>\n<td valign=\"top\"><a href=\"\/?p=239\"><img loading=\"lazy\" decoding=\"async\" style=\"border: black 1px solid;\" src=\"\/wp-content\/uploads\/2011\/01\/macosbxpIcon.jpg\" alt=\"\" width=\"300\" height=\"150\" border=\"1\" \/><\/a><br \/>\n<span style=\"color: #000000;\"><strong><span style=\"font-family: Verdana;\"><span style=\"font-size: xx-small;\">Mac OS X<\/span><\/span><\/strong><\/span><\/td>\n<td valign=\"top\"><span style=\"color: #000000;\"><strong><span style=\"font-family: Verdana;\"><span style=\"font-size: xx-small;\"><a href=\"\/?p=246\"><img loading=\"lazy\" decoding=\"async\" style=\"border: black 1px solid;\" src=\"\/wp-content\/uploads\/2011\/01\/aquaIcon.jpg\" alt=\"\" width=\"300\" height=\"150\" border=\"1\" \/> <\/a><br \/>\n<\/span><\/span><\/strong><\/span><span style=\"color: #000000;\"><strong><span style=\"font-family: Verdana;\"><span style=\"font-size: xx-small;\">Aqua SkinLF<\/span><\/span><\/strong><\/span><\/td>\n<td valign=\"top\"><\/td>\n<\/tr>\n<tr>\n<td valign=\"top\"><\/td>\n<td valign=\"top\"><\/td>\n<td valign=\"top\"><\/td>\n<td valign=\"top\"><\/td>\n<\/tr>\n<tr>\n<td valign=\"top\"><\/td>\n<td valign=\"top\"><a href=\"\/?p=256\"><img loading=\"lazy\" decoding=\"async\" style=\"border: black 1px solid;\" src=\"\/wp-content\/uploads\/2011\/01\/xpbXpIcon.jpg\" alt=\"\" width=\"300\" height=\"149\" border=\"1\" \/><\/a><br \/>\n<span style=\"color: #000000;\"><strong><span style=\"font-family: Verdana;\"><span style=\"font-size: xx-small;\">Windows XP <\/span><\/span><\/strong><\/span><\/td>\n<td valign=\"top\"><span style=\"color: #000000;\"><strong><span style=\"font-family: Verdana;\"><span style=\"font-size: xx-small;\"><a href=\"\/?p=263\"><img loading=\"lazy\" decoding=\"async\" style=\"border: black 1px solid;\" src=\"\/wp-content\/uploads\/2011\/01\/sunosbXpIcon.jpg\" alt=\"\" width=\"300\" height=\"150\" border=\"1\" \/><\/a><br \/>\n<\/span><\/span><\/strong><\/span><span style=\"color: #000000;\"><strong><span style=\"font-family: Verdana;\"><span style=\"font-size: xx-small;\">SUN Solaris OSF\/Motif<\/span><\/span><\/strong><\/span><\/td>\n<td valign=\"top\"><\/td>\n<\/tr>\n<tr>\n<td valign=\"top\"><\/td>\n<td valign=\"top\"><\/td>\n<td valign=\"top\"><\/td>\n<td valign=\"top\"><\/td>\n<\/tr>\n<tr>\n<td valign=\"top\"><\/td>\n<td valign=\"top\"><a href=\"\/?p=268\"><img loading=\"lazy\" decoding=\"async\" style=\"border: black 1px solid;\" src=\"\/wp-content\/uploads\/2011\/01\/vistabxpIcon.jpg\" alt=\"\" width=\"300\" height=\"150\" \/><\/a><br \/>\n<span style=\"color: #000000;\"><strong><span style=\"font-family: Verdana;\"><span style=\"font-size: xx-small;\">Windows \u00a0Vista <\/span><\/span><\/strong><\/span><\/td>\n<td valign=\"top\"><a href=\"\/?p=273\"><img loading=\"lazy\" decoding=\"async\" style=\"border: black 1px solid;\" src=\"\/wp-content\/uploads\/2011\/01\/linuxbxpIcon.jpg\" alt=\"\" width=\"300\" height=\"150\" border=\"1\" \/> <\/a><br \/>\n<span style=\"color: #000000;\"><strong><span style=\"font-family: Verdana;\"><span style=\"font-size: xx-small;\">Linux Metal <\/span><\/span><\/strong><\/span><\/td>\n<td valign=\"top\"><\/td>\n<\/tr>\n<tr>\n<td valign=\"top\"><\/td>\n<td valign=\"top\"><\/td>\n<td valign=\"top\"><\/td>\n<td valign=\"top\"><\/td>\n<\/tr>\n<tr>\n<td valign=\"top\"><\/td>\n<td valign=\"top\"><span style=\"color: #000000;\"><strong><span style=\"font-family: Verdana;\"><span style=\"font-size: xx-small;\"><a href=\"\/?p=278\"><img decoding=\"async\" style=\"border: black 1px solid;\" src=\"\/wp-content\/uploads\/2011\/01\/UbuntuSmall.jpg\" alt=\"\" \/><\/a><br \/>\nUbuntu GTK+<\/span><\/span><\/strong><\/span><\/td>\n<td valign=\"top\"><span style=\"color: #000000;\"><strong><span style=\"font-family: Verdana;\"><span style=\"font-size: xx-small;\"><a href=\"\/?p=282\"><img loading=\"lazy\" decoding=\"async\" style=\"border: black 1px solid;\" src=\"\/wp-content\/uploads\/2011\/01\/NimbusSmall.jpg\" alt=\"\" width=\"300\" height=\"150\" \/><\/a><br \/>\nUbuntu Nimbus<\/span><\/span><\/strong><\/span><\/td>\n<td valign=\"top\"><\/td>\n<\/tr>\n<\/tbody>\n<\/table>\n<p><strong>Multi-Language DE \/ EN \/ RU \/ NL<br \/>\n<\/strong><\/p>\n<p style=\"text-align: center;\"><img loading=\"lazy\" decoding=\"async\" class=\"aligncenter  wp-image-526\" title=\"bxpMultilanguage\" src=\"http:\/\/www.bikexperience.de\/wp-content\/uploads\/2011\/01\/bxpMultilanguage-1024x443.png\" alt=\"\" width=\"819\" height=\"354\" srcset=\"https:\/\/www.bikexperience.de\/wp-content\/uploads\/2011\/01\/bxpMultilanguage-1024x443.png 1024w, https:\/\/www.bikexperience.de\/wp-content\/uploads\/2011\/01\/bxpMultilanguage-300x129.png 300w, https:\/\/www.bikexperience.de\/wp-content\/uploads\/2011\/01\/bxpMultilanguage-461x200.png 461w, https:\/\/www.bikexperience.de\/wp-content\/uploads\/2011\/01\/bxpMultilanguage.png 1136w\" sizes=\"auto, (max-width: 819px) 100vw, 819px\" \/><\/p>\n","protected":false},"excerpt":{"rendered":"<p>Skin Look&amp;Feel BikeXperience ist plattformunabh\u00e4ngig. Der gleiche Code l\u00e4uft auf verschiedenen Betriebssystemen und Prozessoren. Der Look&amp;Feel der Benutzeroberfl\u00e4che passt sich dem jeweiligen System an. Es gibt aber auch plattform\u00fcbergreifende Look&amp;Feels wie z.B. Aqua Skin oder Metal. In unserer Galerie werden &hellip; <a href=\"https:\/\/www.bikexperience.de\/?page_id=75\">Weiterlesen <span class=\"meta-nav\">&rarr;<\/span><\/a><\/p>\n","protected":false},"author":1,"featured_media":0,"parent":0,"menu_order":2,"comment_status":"closed","ping_status":"closed","template":"","meta":{"footnotes":""},"class_list":["post-75","page","type-page","status-publish","hentry"],"_links":{"self":[{"href":"https:\/\/www.bikexperience.de\/index.php?rest_route=\/wp\/v2\/pages\/75","targetHints":{"allow":["GET"]}}],"collection":[{"href":"https:\/\/www.bikexperience.de\/index.php?rest_route=\/wp\/v2\/pages"}],"about":[{"href":"https:\/\/www.bikexperience.de\/index.php?rest_route=\/wp\/v2\/types\/page"}],"author":[{"embeddable":true,"href":"https:\/\/www.bikexperience.de\/index.php?rest_route=\/wp\/v2\/users\/1"}],"replies":[{"embeddable":true,"href":"https:\/\/www.bikexperience.de\/index.php?rest_route=%2Fwp%2Fv2%2Fcomments&post=75"}],"version-history":[{"count":3,"href":"https:\/\/www.bikexperience.de\/index.php?rest_route=\/wp\/v2\/pages\/75\/revisions"}],"predecessor-version":[{"id":869,"href":"https:\/\/www.bikexperience.de\/index.php?rest_route=\/wp\/v2\/pages\/75\/revisions\/869"}],"wp:attachment":[{"href":"https:\/\/www.bikexperience.de\/index.php?rest_route=%2Fwp%2Fv2%2Fmedia&parent=75"}],"curies":[{"name":"wp","href":"https:\/\/api.w.org\/{rel}","templated":true}]}}