{"id":40,"date":"2011-01-12T14:10:10","date_gmt":"2011-01-12T13:10:10","guid":{"rendered":""},"modified":"2020-06-08T14:18:01","modified_gmt":"2020-06-08T13:18:01","slug":"aktuelles","status":"publish","type":"page","link":"https:\/\/www.bikexperience.de\/?page_id=40","title":{"rendered":"Features"},"content":{"rendered":"<table border=\"0\" width=\"100%\" cellspacing=\"2\" cellpadding=\"2\">\n<tbody>\n<tr bgcolor=\"#c4b39a\">\n<td><strong>\u00a0Trainingstagebuch<\/strong><\/td>\n<td><\/td>\n<\/tr>\n<tr>\n<td valign=\"top\">Features:<\/p>\n<ul>\n<li>Erfassung und Bearbeitung von Trainingseinheiten<\/li>\n<li>Beliebig viele Ausdauersportarten konfigurierbar<\/li>\n<li>Hervorheben von pers\u00f6nlichen Bestleistungen<\/li>\n<li>Umfassende graphische Darstellungen der Trainingseinheiten<\/li>\n<li>Verwaltung von Equipments (R\u00e4der, Sportschuhe) inkl. Auskunft<\/li>\n<li>Mehrbenutzerf\u00e4hig<\/li>\n<li>Leistungsberechnung<\/li>\n<li>Statistische Auswertungen der Trainingseinheiten<\/li>\n<li>Berechnung eigener Saisonziele<\/li>\n<li>Wartungsliste (\u00dcbersicht Laufzeiten Reifen, Kette, &#8230;)<\/li>\n<li>Zuordnung Trainingsdaten\/H\u00f6henprofil<\/li>\n<li>Zuordnung Streckendaten\/Track f\u00fcr internen OpenStreetMap Viewer<br \/>\n<a href=\"\/?p=157\"><img loading=\"lazy\" decoding=\"async\" class=\"alignleft\" src=\"\/wp-content\/uploads\/2011\/01\/bpxdemosmall_de.png\" alt=\"\" width=\"399\" height=\"252\" \/><\/a><\/li>\n<li>Zuordnung Tourendokumentation f\u00fcr internen HTML Viewer<\/li>\n<li>Zuordnung Bilderdokumentation f\u00fcr internen Bildbetrachter<\/li>\n<li>Volltextsuche<\/li>\n<li>Trainingsplanung\/-kontrolle<\/li>\n<li>Automatische Trainingsplangenerierung<\/li>\n<li>Erstellung von individuellen Trainingspl\u00e4nen<\/li>\n<li>Graphische Kontrolle der Trainingseinheiten<\/li>\n<li>Umfangreiche Filter- und Reporting Funktionen<\/li>\n<li>Individuelle Berechnung der Trainingsbereiche<\/li>\n<li>Marathonplaner f\u00fcr Lauftraining<\/li>\n<li>Berechnung der Laufbestzeiten<\/li>\n<li>Ermittlung der Rundenzeiten<\/li>\n<li>Kalenderfunktion<\/li>\n<\/ul>\n<\/td>\n<td align=\"right\" valign=\"top\"><a href=\"\/?p=90\"><img loading=\"lazy\" decoding=\"async\" class=\"alignnone\" src=\"\/wp-content\/uploads\/2011\/01\/trimag.gif\" alt=\"\" width=\"150\" height=\"23\" \/><\/a><a href=\"\/?p=93\"><img loading=\"lazy\" decoding=\"async\" class=\"alignnone\" src=\"\/wp-content\/uploads\/2011\/01\/bsn.gif\" alt=\"\" width=\"118\" height=\"75\" \/><\/a><\/td>\n<\/tr>\n<tr bgcolor=\"#c4b39a\">\n<td><strong>\u00a0Systemanforderungen<br \/>\n<\/strong><\/td>\n<td><strong>Data Manager<\/strong><\/td>\n<\/tr>\n<tr>\n<td valign=\"top\">\n<ul>\n<li>Plattformunabh\u00e4ngigkeit\/Konfigurierbar: Das Programm ist in JAVA geschrieben und somit mindestens unter den folgenden Betriebssystemen lauff\u00e4hig und getestet:\n<ul>\n<li>Windows\u00ae 7\/8\/Vista\/XP\/98\/95\/2000\/NT4.0<\/li>\n<li>Mac OS X\u00ae<\/li>\n<li>Linux, Solaris\u00ae (UNIX), WeTab OS<\/li>\n<\/ul>\n<\/li>\n<li>Vorraussetzung ist eine Java-Runtime-Umgebung ab Version 1.6 (kostenloser Download bei Oracle\u00ae javasoft.com).<\/li>\n<li>Look &amp; Feel individuell einstellbar<\/li>\n<li>Sprache Deutsch\/Englisch\/Niederl\u00e4ndisch\/Russisch<\/li>\n<li>10 MByte Speicherplatz ohne Java Laufzeitumgebung<\/li>\n<\/ul>\n<\/td>\n<td valign=\"top\">\n<ul>\n<li>Import von CicloSport\u00ae Radcomputer HAC4, HAC4pro, HAC5 oder CM4XXM .tur Dateien<\/li>\n<li>Import von CicloSport\u00ae Radcomputer HAC4, HAC4pro, HAC5 oder CM4XXM Rohdaten (auch direkt \u00fcber serielle Schnittstelle)Import und<\/li>\n<li>Export von Garmin\u00ae Edge Courses und der History<\/li>\n<li>Import von Garmin\u00ae FIT Dateien<\/li>\n<li>Import von ANT+ Sport Leistungsdaten<\/li>\n<li>Import von Polar\u00ae .hrm Dateien<\/li>\n<li>Import von Sigma\u00ae Rox 2.x, 3.x, 4.x Dateien<\/li>\n<li>Import von Suunto\u00ae .sdf Dateien<\/li>\n<li>Import von Google .kml Dateien<\/li>\n<li>Import von Magic Maps ASCII Overlay Dateien<\/li>\n<li>Import von GPS Exchange Format .gpx Dateien<\/li>\n<li>Import von Compe GPS .trk Dateien<\/li>\n<li>Import von Timex Run Trainer .pwx Dateien<\/li>\n<li>Import .csv aus GPSMaster \/ \u201cMAPTAQ GPS Watch Software\u201d<\/li>\n<li>Auswertung Puls-, Geschwindigkeits-, Steigungs-, Leistungs-<\/li>\n<li>Zeitanalyse als Kuchendiagramm<\/li>\n<li>Modifikation der Marken<\/li>\n<\/ul>\n<\/td>\n<\/tr>\n<tr bgcolor=\"#c4b39a\">\n<td><strong>\u00a0Trainingsdaten\/H\u00f6henprofil<\/strong><\/td>\n<td><\/td>\n<\/tr>\n<tr>\n<td valign=\"top\"><a href=\"\/?p=170\"><img loading=\"lazy\" decoding=\"async\" class=\"alignnone\" src=\"\/wp-content\/uploads\/2011\/01\/profildemosmall.png\" alt=\"\" width=\"495\" height=\"295\" \/><\/a><\/p>\n<ul>\n<li>Anzeige von H\u00f6henprofilen aus Trainingsaufzeichnungen<\/li>\n<li>Zeigt auf mehreren individuell einstellbaren Achsen H\u00f6he, Puls, Temperatur, Steigung, Leistung, Geschwindigkeit und Trittfrequenz im Profil an<\/li>\n<li>Zoom der Achsen im H\u00f6henprofil<\/li>\n<li>Individuelle Einstellung der Pulsbereiche<\/li>\n<li>Anzeige des H\u00f6henprofils nach Distanz oder nach Zeit<\/li>\n<li>Tourenvergleich der Haus-Trainingsrunde durch \u00dcberlagerung des H\u00f6henprofils (nach Zeit) \u00fcber Drag&#8217;n&#8217;Drop aus den Trainingseinheiten<\/li>\n<li>Erzeugung einer .png Datei<\/li>\n<li>Beschriftung des H\u00f6henprofils mit den gespeicherten oder selbst definierten Marken<\/li>\n<\/ul>\n<\/td>\n<td valign=\"top\"><\/td>\n<\/tr>\n<tr bgcolor=\"#c4b39a\">\n<td><strong>\u00a0GPSViewer<\/strong><\/td>\n<td><\/td>\n<\/tr>\n<tr>\n<td valign=\"top\"><a href=\"\/?p=166\" target=\"_blank\" rel=\"noopener noreferrer\"><img loading=\"lazy\" decoding=\"async\" class=\"alignleft\" src=\"\/wp-content\/uploads\/2011\/01\/gpsviewerdemosmall.png\" alt=\"\" width=\"353\" height=\"260\" \/><\/a><\/p>\n<ul>\n<li>Anzeige von aufgezeichneten Streckendaten als Track in<a href=\"https:\/\/www.openstreetmap.org\/\" target=\"_blank\" rel=\"noopener noreferrer\"> OpenStreetMap<\/a> Karten<\/li>\n<li>Benutzung von eigenen Offline Tile-Servern<\/li>\n<li>Tourenplanung und Modifikation von Tracks und Routen in <a href=\"https:\/\/www.openstreetmap.org\/\" target=\"_blank\" rel=\"noopener noreferrer\">OpenStreetMap<\/a> Karten<\/li>\n<li>Verwendung von Overlays mittels Drag&#8217;n&#8217;Drop aus den Trainingseinheiten zur Tourenplanung<\/li>\n<li>Hervorheben von Trackpunkten auf der Karte und im H\u00f6henprofil<\/li>\n<li>GeoTagging: Zuordnung und Anzeige von Tourbildern anhand des Aufnahmedatums im Track<\/li>\n<li>Verwaltung von Wegepunkten, Garmin Streckenpunkten und Trackdaten<\/li>\n<li>Automatische Erzeugung von Abbiegehinweisen und Gipfel-Punkten<\/li>\n<li>SRTM3 oder GTOPO30 H\u00f6hendaten ermitteln<\/li>\n<li>Kommunikation mit dem GPS Device<\/li>\n<li>Handling von verschiedenen Formaten wie gpx, kml, tcx, crs, ovl oder als komma-separierte Liste<\/li>\n<li>Erzeugung einer Google Maps V3 oder OpenStreetMap Karte der Tour im .html Format<\/li>\n<li>Automatische Track Simulation mit Einblendung von Tourbildern<\/li>\n<\/ul>\n<\/td>\n<td align=\"left\" valign=\"top\">\n<p style=\"padding-left: 30px; text-align: right;\">Weitere Screenshots gibt es <a href=\"\/?p=85\" target=\"_self\" rel=\"noopener noreferrer\">hier<\/a>!<\/p>\n<\/td>\n<\/tr>\n<\/tbody>\n<\/table>\n<p><strong><br \/>\nLicence:<\/strong> <a href=\"https:\/\/www.bikexperience.de\/?page_id=77#Donate\">Donateware<\/a><br \/>\nWenn Du die Projektarbeit und die Existenz und Pflege dieser Webseite unterst\u00fctzen m\u00f6chtest, dann kannst Du mir per PayPal einen Betrag Deiner Wahl \u00fcberweisen. Siehe dazu auch unseren <a title=\"Donate Hinweis\" href=\"https:\/\/www.bikexperience.de\/?page_id=77#Donate\" target=\"_blank\" rel=\"noopener noreferrer\">Donateware Hinweis<\/a>!<\/p>\n<form action=\"https:\/\/www.paypal.com\/cgi-bin\/webscr\" method=\"post\"><input name=\"cmd\" type=\"hidden\" value=\"_s-xclick\" \/> <input name=\"hosted_button_id\" type=\"hidden\" value=\"APDNPDJ5VDZW4\" \/> <input alt=\"Jetzt einfach, schnell und sicher online bezahlen \u2013 mit PayPal.\" name=\"submit\" src=\"https:\/\/www.paypalobjects.com\/de_DE\/DE\/i\/btn\/btn_donateCC_LG.gif\" type=\"image\" \/> <img loading=\"lazy\" decoding=\"async\" src=\"https:\/\/www.paypalobjects.com\/de_DE\/i\/scr\/pixel.gif\" alt=\"\" width=\"1\" height=\"1\" border=\"0\" \/><\/form>\n<p>Das Touren und Trainingsprogramm bikeXperience ist kein kommerzielles Produkt. Die Benutzung erfolgt auf eigene Gefahr. F\u00fcr Sch\u00e4den und Fehler \u00fcbernehmen wir keine Haftung oder Gew\u00e4hrleistung.<br \/>\n-&gt; <a href=\"https:\/\/www.bikexperience.de\/doc\/deu.licence.html\" target=\"_blank\" rel=\"noopener noreferrer\">Lizenzbestimmungen ansehen<\/a><\/p>\n<p><strong><br \/>\nThis site in <a href=\"\/?p=96\" target=\"_self\" rel=\"noopener noreferrer\">English<\/a><img loading=\"lazy\" decoding=\"async\" src=\"\/wp-content\/uploads\/2011\/01\/enflag.png\" alt=\"\" width=\"50\" height=\"26\" \/><\/strong><\/p>\n","protected":false},"excerpt":{"rendered":"<p>\u00a0Trainingstagebuch Features: Erfassung und Bearbeitung von Trainingseinheiten Beliebig viele Ausdauersportarten konfigurierbar Hervorheben von pers\u00f6nlichen Bestleistungen Umfassende graphische Darstellungen der Trainingseinheiten Verwaltung von Equipments (R\u00e4der, Sportschuhe) inkl. Auskunft Mehrbenutzerf\u00e4hig Leistungsberechnung Statistische Auswertungen der Trainingseinheiten Berechnung eigener Saisonziele Wartungsliste (\u00dcbersicht Laufzeiten Reifen, &hellip; <a href=\"https:\/\/www.bikexperience.de\/?page_id=40\">Weiterlesen <span class=\"meta-nav\">&rarr;<\/span><\/a><\/p>\n","protected":false},"author":1,"featured_media":0,"parent":0,"menu_order":1,"comment_status":"closed","ping_status":"closed","template":"","meta":{"footnotes":""},"class_list":["post-40","page","type-page","status-publish","hentry"],"_links":{"self":[{"href":"https:\/\/www.bikexperience.de\/index.php?rest_route=\/wp\/v2\/pages\/40","targetHints":{"allow":["GET"]}}],"collection":[{"href":"https:\/\/www.bikexperience.de\/index.php?rest_route=\/wp\/v2\/pages"}],"about":[{"href":"https:\/\/www.bikexperience.de\/index.php?rest_route=\/wp\/v2\/types\/page"}],"author":[{"embeddable":true,"href":"https:\/\/www.bikexperience.de\/index.php?rest_route=\/wp\/v2\/users\/1"}],"replies":[{"embeddable":true,"href":"https:\/\/www.bikexperience.de\/index.php?rest_route=%2Fwp%2Fv2%2Fcomments&post=40"}],"version-history":[{"count":15,"href":"https:\/\/www.bikexperience.de\/index.php?rest_route=\/wp\/v2\/pages\/40\/revisions"}],"predecessor-version":[{"id":850,"href":"https:\/\/www.bikexperience.de\/index.php?rest_route=\/wp\/v2\/pages\/40\/revisions\/850"}],"wp:attachment":[{"href":"https:\/\/www.bikexperience.de\/index.php?rest_route=%2Fwp%2Fv2%2Fmedia&parent=40"}],"curies":[{"name":"wp","href":"https:\/\/api.w.org\/{rel}","templated":true}]}}